{"id":1878,"date":"2019-07-11T11:41:42","date_gmt":"2019-07-11T11:41:42","guid":{"rendered":"http:\/\/wgs-waeschereitechnik.de\/?page_id=1878"},"modified":"2019-07-18T13:53:09","modified_gmt":"2019-07-18T13:53:09","slug":"service","status":"publish","type":"page","link":"https:\/\/wgs-waeschereitechnik.de\/?page_id=1878","title":{"rendered":"Service"},"content":{"rendered":"\t\t<div data-elementor-type=\"wp-post\" data-elementor-id=\"1878\" class=\"elementor elementor-1878\">\n\t\t\t\t\t\t<div class=\"elementor-inner\">\n\t\t\t\t<div class=\"elementor-section-wrap\">\n\t\t\t\t\t\t\t\t\t<section class=\"elementor-section elementor-top-section elementor-element elementor-element-42cef70 elementor-section-boxed elementor-section-height-default elementor-section-height-default\" data-id=\"42cef70\" data-element_type=\"section\" data-settings=\"{&quot;background_background&quot;:&quot;classic&quot;}\">\n\t\t\t\t\t\t<div class=\"elementor-container elementor-column-gap-default\">\n\t\t\t\t\t\t\t<div class=\"elementor-row\">\n\t\t\t\t\t<div class=\"elementor-column elementor-col-100 elementor-top-column elementor-element elementor-element-466aa81\" data-id=\"466aa81\" data-element_type=\"column\">\n\t\t\t<div class=\"elementor-column-wrap elementor-element-populated\">\n\t\t\t\t\t\t\t<div class=\"elementor-widget-wrap\">\n\t\t\t\t\t\t<div class=\"elementor-element elementor-element-87937b9 elementor-widget elementor-widget-heading\" data-id=\"87937b9\" data-element_type=\"widget\" data-widget_type=\"heading.default\">\n\t\t\t\t<div class=\"elementor-widget-container\">\n\t\t\t<h2 class=\"elementor-heading-title elementor-size-default\">Service<\/h2>\t\t<\/div>\n\t\t\t\t<\/div>\n\t\t\t\t<div class=\"elementor-element elementor-element-8c70e39 elementor-widget elementor-widget-spacer\" data-id=\"8c70e39\" data-element_type=\"widget\" data-widget_type=\"spacer.default\">\n\t\t\t\t<div class=\"elementor-widget-container\">\n\t\t\t\t\t<div class=\"elementor-spacer\">\n\t\t\t<div class=\"elementor-spacer-inner\"><\/div>\n\t\t<\/div>\n\t\t\t\t<\/div>\n\t\t\t\t<\/div>\n\t\t\t\t\t\t<\/div>\n\t\t\t\t\t<\/div>\n\t\t<\/div>\n\t\t\t\t\t\t\t\t<\/div>\n\t\t\t\t\t<\/div>\n\t\t<\/section>\n\t\t\t\t<section class=\"elementor-section elementor-top-section elementor-element elementor-element-b890296 elementor-section-boxed elementor-section-height-default elementor-section-height-default\" data-id=\"b890296\" data-element_type=\"section\">\n\t\t\t\t\t\t<div class=\"elementor-container elementor-column-gap-default\">\n\t\t\t\t\t\t\t<div class=\"elementor-row\">\n\t\t\t\t\t<div class=\"elementor-column elementor-col-100 elementor-top-column elementor-element elementor-element-87fa227\" data-id=\"87fa227\" data-element_type=\"column\">\n\t\t\t<div class=\"elementor-column-wrap elementor-element-populated\">\n\t\t\t\t\t\t\t<div class=\"elementor-widget-wrap\">\n\t\t\t\t\t\t<div class=\"elementor-element elementor-element-855502c elementor-widget elementor-widget-spacer\" data-id=\"855502c\" data-element_type=\"widget\" data-widget_type=\"spacer.default\">\n\t\t\t\t<div class=\"elementor-widget-container\">\n\t\t\t\t\t<div class=\"elementor-spacer\">\n\t\t\t<div class=\"elementor-spacer-inner\"><\/div>\n\t\t<\/div>\n\t\t\t\t<\/div>\n\t\t\t\t<\/div>\n\t\t\t\t\t\t<\/div>\n\t\t\t\t\t<\/div>\n\t\t<\/div>\n\t\t\t\t\t\t\t\t<\/div>\n\t\t\t\t\t<\/div>\n\t\t<\/section>\n\t\t\t\t<section class=\"elementor-section elementor-top-section elementor-element elementor-element-e588e5b elementor-section-boxed elementor-section-height-default elementor-section-height-default\" data-id=\"e588e5b\" data-element_type=\"section\">\n\t\t\t\t\t\t<div class=\"elementor-container elementor-column-gap-default\">\n\t\t\t\t\t\t\t<div class=\"elementor-row\">\n\t\t\t\t\t<div class=\"elementor-column elementor-col-50 elementor-top-column elementor-element elementor-element-89ec306\" data-id=\"89ec306\" data-element_type=\"column\">\n\t\t\t<div class=\"elementor-column-wrap elementor-element-populated\">\n\t\t\t\t\t\t\t<div class=\"elementor-widget-wrap\">\n\t\t\t\t\t\t<div class=\"elementor-element elementor-element-eea9956 elementor-widget elementor-widget-image\" data-id=\"eea9956\" data-element_type=\"widget\" data-widget_type=\"image.default\">\n\t\t\t\t<div class=\"elementor-widget-container\">\n\t\t\t\t\t\t\t\t<div class=\"elementor-image\">\n\t\t\t\t\t\t\t\t\t\t\t\t<img decoding=\"async\" width=\"750\" height=\"500\" src=\"https:\/\/wgs-waeschereitechnik.de\/wp-content\/uploads\/2019\/07\/IMG_3693-2-1024x683.jpg\" class=\"attachment-large size-large wp-image-2216\" alt=\"\" loading=\"lazy\" srcset=\"https:\/\/wgs-waeschereitechnik.de\/wp-content\/uploads\/2019\/07\/IMG_3693-2-1024x683.jpg 1024w, https:\/\/wgs-waeschereitechnik.de\/wp-content\/uploads\/2019\/07\/IMG_3693-2-300x200.jpg 300w, https:\/\/wgs-waeschereitechnik.de\/wp-content\/uploads\/2019\/07\/IMG_3693-2-768x512.jpg 768w, https:\/\/wgs-waeschereitechnik.de\/wp-content\/uploads\/2019\/07\/IMG_3693-2-360x240.jpg 360w, https:\/\/wgs-waeschereitechnik.de\/wp-content\/uploads\/2019\/07\/IMG_3693-2-600x400.jpg 600w\" sizes=\"(max-width: 750px) 100vw, 750px\" \/>\t\t\t\t\t\t\t\t\t\t\t\t\t\t<\/div>\n\t\t\t\t\t\t<\/div>\n\t\t\t\t<\/div>\n\t\t\t\t\t\t<\/div>\n\t\t\t\t\t<\/div>\n\t\t<\/div>\n\t\t\t\t<div class=\"elementor-column elementor-col-50 elementor-top-column elementor-element elementor-element-29b10a4\" data-id=\"29b10a4\" data-element_type=\"column\">\n\t\t\t<div class=\"elementor-column-wrap elementor-element-populated\">\n\t\t\t\t\t\t\t<div class=\"elementor-widget-wrap\">\n\t\t\t\t\t\t<div class=\"elementor-element elementor-element-98aa53c elementor-widget elementor-widget-text-editor\" data-id=\"98aa53c\" data-element_type=\"widget\" data-widget_type=\"text-editor.default\">\n\t\t\t\t<div class=\"elementor-widget-container\">\n\t\t\t\t\t\t\t\t<div class=\"elementor-text-editor elementor-clearfix\">\n\t\t\t\t<p>Wir sind sicher, dass wir Ihnen stets einen freundlichen und kompetenten Kundendienst bieten k\u00f6nnen. Daf\u00fcr stehen wir Ihnen am Telefon immer gern f\u00fcr Fragen zu Ihren Ger\u00e4ten und Maschinen zur Verf\u00fcgung. F\u00fcr eine schnelle Auskunft k\u00f6nnen sie uns auch gern direkt \u00fcber die Website eine Nachricht verfassen, so bieten wir Ihnen die schnellst m\u00f6glichste Antwort. Nat\u00fcrlich antworten wir auch so schnell wie m\u00f6glich auf Ihre E-Mail Anfragen.<\/p>\n<p><br><\/p>\t\t\t\t\t<\/div>\n\t\t\t\t\t\t<\/div>\n\t\t\t\t<\/div>\n\t\t\t\t<div class=\"elementor-element elementor-element-5c3e18e elementor-align-center elementor-widget elementor-widget-button\" data-id=\"5c3e18e\" data-element_type=\"widget\" data-widget_type=\"button.default\">\n\t\t\t\t<div class=\"elementor-widget-container\">\n\t\t\t\t\t<div class=\"elementor-button-wrapper\">\n\t\t\t<a href=\"mailto:%20wgs-wasungen@t-online.de\" class=\"elementor-button-link elementor-button elementor-size-sm\" role=\"button\">\n\t\t\t\t\t\t<span class=\"elementor-button-content-wrapper\">\n\t\t\t\t\t\t<span class=\"elementor-button-text\">E-Mail <\/span>\n\t\t<\/span>\n\t\t\t\t\t<\/a>\n\t\t<\/div>\n\t\t\t\t<\/div>\n\t\t\t\t<\/div>\n\t\t\t\t\t\t<\/div>\n\t\t\t\t\t<\/div>\n\t\t<\/div>\n\t\t\t\t\t\t\t\t<\/div>\n\t\t\t\t\t<\/div>\n\t\t<\/section>\n\t\t\t\t<section class=\"elementor-section elementor-top-section elementor-element elementor-element-d6841d8 elementor-section-boxed elementor-section-height-default elementor-section-height-default\" data-id=\"d6841d8\" data-element_type=\"section\">\n\t\t\t\t\t\t<div class=\"elementor-container elementor-column-gap-default\">\n\t\t\t\t\t\t\t<div class=\"elementor-row\">\n\t\t\t\t\t<div class=\"elementor-column elementor-col-100 elementor-top-column elementor-element elementor-element-fb4cf30\" data-id=\"fb4cf30\" data-element_type=\"column\">\n\t\t\t<div class=\"elementor-column-wrap elementor-element-populated\">\n\t\t\t\t\t\t\t<div class=\"elementor-widget-wrap\">\n\t\t\t\t\t\t<div class=\"elementor-element elementor-element-25d436e elementor-widget elementor-widget-spacer\" data-id=\"25d436e\" data-element_type=\"widget\" data-widget_type=\"spacer.default\">\n\t\t\t\t<div class=\"elementor-widget-container\">\n\t\t\t\t\t<div class=\"elementor-spacer\">\n\t\t\t<div class=\"elementor-spacer-inner\"><\/div>\n\t\t<\/div>\n\t\t\t\t<\/div>\n\t\t\t\t<\/div>\n\t\t\t\t\t\t<\/div>\n\t\t\t\t\t<\/div>\n\t\t<\/div>\n\t\t\t\t\t\t\t\t<\/div>\n\t\t\t\t\t<\/div>\n\t\t<\/section>\n\t\t\t\t<section class=\"elementor-section elementor-top-section elementor-element elementor-element-7fbf32f elementor-section-boxed elementor-section-height-default elementor-section-height-default\" data-id=\"7fbf32f\" data-element_type=\"section\">\n\t\t\t\t\t\t<div class=\"elementor-container elementor-column-gap-default\">\n\t\t\t\t\t\t\t<div class=\"elementor-row\">\n\t\t\t\t\t<div class=\"elementor-column elementor-col-50 elementor-top-column elementor-element elementor-element-7d05ded\" data-id=\"7d05ded\" data-element_type=\"column\">\n\t\t\t<div class=\"elementor-column-wrap elementor-element-populated\">\n\t\t\t\t\t\t\t<div class=\"elementor-widget-wrap\">\n\t\t\t\t\t\t<div class=\"elementor-element elementor-element-3caedcd elementor-widget elementor-widget-text-editor\" data-id=\"3caedcd\" data-element_type=\"widget\" data-widget_type=\"text-editor.default\">\n\t\t\t\t<div class=\"elementor-widget-container\">\n\t\t\t\t\t\t\t\t<div class=\"elementor-text-editor elementor-clearfix\">\n\t\t\t\t<p><span>\u00a0<\/span><\/p><p><\/p><p><span>Bei gr\u00f6\u00dferen Anfragen, sowie Neuerungen und fachspezifischer Auskunft sind wir auch gern pers\u00f6nlich f\u00fcr sie da. Dazu besuchen wir Sie gern in Ihrem Betrieb\/Firma und freuen uns sehr \u00fcber pers\u00f6nlichen Kontakt mit Ihnen. Es ist kein Problem f\u00fcr uns, bei Defekten und St\u00f6rungen schnell f\u00fcr sie vor Ort zu sein!<\/span><span>\u00a0<\/span><span>Auch f\u00fcr die Wartungen scheuen wir keine M\u00fchen um sie kontinuierlich zu besuchen.<\/span><\/p>\t\t\t\t\t<\/div>\n\t\t\t\t\t\t<\/div>\n\t\t\t\t<\/div>\n\t\t\t\t\t\t<\/div>\n\t\t\t\t\t<\/div>\n\t\t<\/div>\n\t\t\t\t<div class=\"elementor-column elementor-col-50 elementor-top-column elementor-element elementor-element-154314a\" data-id=\"154314a\" data-element_type=\"column\">\n\t\t\t<div class=\"elementor-column-wrap elementor-element-populated\">\n\t\t\t\t\t\t\t<div class=\"elementor-widget-wrap\">\n\t\t\t\t\t\t<div class=\"elementor-element elementor-element-0415b8e elementor-widget elementor-widget-image\" data-id=\"0415b8e\" data-element_type=\"widget\" data-widget_type=\"image.default\">\n\t\t\t\t<div class=\"elementor-widget-container\">\n\t\t\t\t\t\t\t\t<div class=\"elementor-image\">\n\t\t\t\t\t\t\t\t\t\t\t\t<img decoding=\"async\" width=\"750\" height=\"982\" src=\"https:\/\/wgs-waeschereitechnik.de\/wp-content\/uploads\/2019\/07\/IMG_3558-782x1024.png\" class=\"attachment-large size-large wp-image-2002\" alt=\"\" loading=\"lazy\" srcset=\"https:\/\/wgs-waeschereitechnik.de\/wp-content\/uploads\/2019\/07\/IMG_3558-782x1024.png 782w, https:\/\/wgs-waeschereitechnik.de\/wp-content\/uploads\/2019\/07\/IMG_3558-229x300.png 229w, https:\/\/wgs-waeschereitechnik.de\/wp-content\/uploads\/2019\/07\/IMG_3558-768x1006.png 768w, https:\/\/wgs-waeschereitechnik.de\/wp-content\/uploads\/2019\/07\/IMG_3558-600x786.png 600w\" sizes=\"(max-width: 750px) 100vw, 750px\" \/>\t\t\t\t\t\t\t\t\t\t\t\t\t\t<\/div>\n\t\t\t\t\t\t<\/div>\n\t\t\t\t<\/div>\n\t\t\t\t\t\t<\/div>\n\t\t\t\t\t<\/div>\n\t\t<\/div>\n\t\t\t\t\t\t\t\t<\/div>\n\t\t\t\t\t<\/div>\n\t\t<\/section>\n\t\t\t\t\t\t\t\t\t<\/div>\n\t\t\t<\/div>\n\t\t\t\t\t<\/div>\n\t\t","protected":false},"excerpt":{"rendered":"<p>Service Wir sind sicher, dass wir Ihnen stets einen freundlichen und kompetenten Kundendienst bieten k\u00f6nnen. Daf\u00fcr stehen wir Ihnen am Telefon immer gern f\u00fcr Fragen zu Ihren Ger\u00e4ten und Maschinen zur Verf\u00fcgung. F\u00fcr eine schnelle Auskunft k\u00f6nnen sie uns auch gern direkt \u00fcber die Website eine Nachricht verfassen, so bieten [&hellip;]<\/p>\n","protected":false},"author":1,"featured_media":0,"parent":0,"menu_order":0,"comment_status":"closed","ping_status":"closed","template":"elementor_header_footer","meta":[],"_links":{"self":[{"href":"https:\/\/wgs-waeschereitechnik.de\/index.php?rest_route=\/wp\/v2\/pages\/1878"}],"collection":[{"href":"https:\/\/wgs-waeschereitechnik.de\/index.php?rest_route=\/wp\/v2\/pages"}],"about":[{"href":"https:\/\/wgs-waeschereitechnik.de\/index.php?rest_route=\/wp\/v2\/types\/page"}],"author":[{"embeddable":true,"href":"https:\/\/wgs-waeschereitechnik.de\/index.php?rest_route=\/wp\/v2\/users\/1"}],"replies":[{"embeddable":true,"href":"https:\/\/wgs-waeschereitechnik.de\/index.php?rest_route=%2Fwp%2Fv2%2Fcomments&post=1878"}],"version-history":[{"count":10,"href":"https:\/\/wgs-waeschereitechnik.de\/index.php?rest_route=\/wp\/v2\/pages\/1878\/revisions"}],"predecessor-version":[{"id":2443,"href":"https:\/\/wgs-waeschereitechnik.de\/index.php?rest_route=\/wp\/v2\/pages\/1878\/revisions\/2443"}],"wp:attachment":[{"href":"https:\/\/wgs-waeschereitechnik.de\/index.php?rest_route=%2Fwp%2Fv2%2Fmedia&parent=1878"}],"curies":[{"name":"wp","href":"https:\/\/api.w.org\/{rel}","templated":true}]}}