{"id":1875,"date":"2019-07-11T11:41:42","date_gmt":"2019-07-11T11:41:42","guid":{"rendered":"http:\/\/wgs-waeschereitechnik.de\/?page_id=1875"},"modified":"2019-07-19T08:42:25","modified_gmt":"2019-07-19T08:42:25","slug":"arbeitsumfeld","status":"publish","type":"page","link":"https:\/\/wgs-waeschereitechnik.de\/?page_id=1875","title":{"rendered":"Arbeitsumfeld"},"content":{"rendered":"\t\t<div data-elementor-type=\"wp-post\" data-elementor-id=\"1875\" class=\"elementor elementor-1875\">\n\t\t\t\t\t\t<div class=\"elementor-inner\">\n\t\t\t\t<div class=\"elementor-section-wrap\">\n\t\t\t\t\t\t\t\t\t<section class=\"elementor-section elementor-top-section elementor-element elementor-element-a5c2779 elementor-section-boxed elementor-section-height-default elementor-section-height-default\" data-id=\"a5c2779\" data-element_type=\"section\" data-settings=\"{&quot;background_background&quot;:&quot;classic&quot;}\">\n\t\t\t\t\t\t<div class=\"elementor-container elementor-column-gap-default\">\n\t\t\t\t\t\t\t<div class=\"elementor-row\">\n\t\t\t\t\t<div class=\"elementor-column elementor-col-100 elementor-top-column elementor-element elementor-element-749b5d0\" data-id=\"749b5d0\" data-element_type=\"column\">\n\t\t\t<div class=\"elementor-column-wrap elementor-element-populated\">\n\t\t\t\t\t\t\t<div class=\"elementor-widget-wrap\">\n\t\t\t\t\t\t<div class=\"elementor-element elementor-element-19cc8ea elementor-widget elementor-widget-heading\" data-id=\"19cc8ea\" data-element_type=\"widget\" data-widget_type=\"heading.default\">\n\t\t\t\t<div class=\"elementor-widget-container\">\n\t\t\t<h2 class=\"elementor-heading-title elementor-size-default\">Arbeitsumfeld<\/h2>\t\t<\/div>\n\t\t\t\t<\/div>\n\t\t\t\t<div class=\"elementor-element elementor-element-225afa6 elementor-widget elementor-widget-spacer\" data-id=\"225afa6\" data-element_type=\"widget\" data-widget_type=\"spacer.default\">\n\t\t\t\t<div class=\"elementor-widget-container\">\n\t\t\t\t\t<div class=\"elementor-spacer\">\n\t\t\t<div class=\"elementor-spacer-inner\"><\/div>\n\t\t<\/div>\n\t\t\t\t<\/div>\n\t\t\t\t<\/div>\n\t\t\t\t\t\t<\/div>\n\t\t\t\t\t<\/div>\n\t\t<\/div>\n\t\t\t\t\t\t\t\t<\/div>\n\t\t\t\t\t<\/div>\n\t\t<\/section>\n\t\t\t\t<section class=\"elementor-section elementor-top-section elementor-element elementor-element-cb6e063 elementor-section-boxed elementor-section-height-default elementor-section-height-default\" data-id=\"cb6e063\" data-element_type=\"section\">\n\t\t\t\t\t\t<div class=\"elementor-container elementor-column-gap-default\">\n\t\t\t\t\t\t\t<div class=\"elementor-row\">\n\t\t\t\t\t<div class=\"elementor-column elementor-col-100 elementor-top-column elementor-element elementor-element-7d9b596\" data-id=\"7d9b596\" data-element_type=\"column\">\n\t\t\t<div class=\"elementor-column-wrap elementor-element-populated\">\n\t\t\t\t\t\t\t<div class=\"elementor-widget-wrap\">\n\t\t\t\t\t\t<div class=\"elementor-element elementor-element-cb25e11 elementor-widget elementor-widget-spacer\" data-id=\"cb25e11\" data-element_type=\"widget\" data-widget_type=\"spacer.default\">\n\t\t\t\t<div class=\"elementor-widget-container\">\n\t\t\t\t\t<div class=\"elementor-spacer\">\n\t\t\t<div class=\"elementor-spacer-inner\"><\/div>\n\t\t<\/div>\n\t\t\t\t<\/div>\n\t\t\t\t<\/div>\n\t\t\t\t\t\t<\/div>\n\t\t\t\t\t<\/div>\n\t\t<\/div>\n\t\t\t\t\t\t\t\t<\/div>\n\t\t\t\t\t<\/div>\n\t\t<\/section>\n\t\t\t\t<section class=\"elementor-section elementor-top-section elementor-element elementor-element-7e7bed7 elementor-section-boxed elementor-section-height-default elementor-section-height-default\" data-id=\"7e7bed7\" data-element_type=\"section\">\n\t\t\t\t\t\t<div class=\"elementor-container elementor-column-gap-default\">\n\t\t\t\t\t\t\t<div class=\"elementor-row\">\n\t\t\t\t\t<div class=\"elementor-column elementor-col-25 elementor-top-column elementor-element elementor-element-9f43f30\" data-id=\"9f43f30\" data-element_type=\"column\">\n\t\t\t<div class=\"elementor-column-wrap elementor-element-populated\">\n\t\t\t\t\t\t\t<div class=\"elementor-widget-wrap\">\n\t\t\t\t\t\t<div class=\"elementor-element elementor-element-39e2f64 elementor-widget__width-inherit elementor-widget elementor-widget-image\" data-id=\"39e2f64\" data-element_type=\"widget\" data-widget_type=\"image.default\">\n\t\t\t\t<div class=\"elementor-widget-container\">\n\t\t\t\t\t\t\t\t<div class=\"elementor-image\">\n\t\t\t\t\t\t\t\t\t\t\t\t<img decoding=\"async\" width=\"683\" height=\"1024\" src=\"https:\/\/wgs-waeschereitechnik.de\/wp-content\/uploads\/2019\/07\/IMG_3590.jpg\" class=\"attachment-large size-large wp-image-2183\" alt=\"\" loading=\"lazy\" \/>\t\t\t\t\t\t\t\t\t\t\t\t\t\t<\/div>\n\t\t\t\t\t\t<\/div>\n\t\t\t\t<\/div>\n\t\t\t\t\t\t<\/div>\n\t\t\t\t\t<\/div>\n\t\t<\/div>\n\t\t\t\t<div class=\"elementor-column elementor-col-50 elementor-top-column elementor-element elementor-element-fd69bbe\" data-id=\"fd69bbe\" data-element_type=\"column\">\n\t\t\t<div class=\"elementor-column-wrap elementor-element-populated\">\n\t\t\t\t\t\t\t<div class=\"elementor-widget-wrap\">\n\t\t\t\t\t\t<div class=\"elementor-element elementor-element-744411e elementor-widget elementor-widget-text-editor\" data-id=\"744411e\" data-element_type=\"widget\" data-widget_type=\"text-editor.default\">\n\t\t\t\t<div class=\"elementor-widget-container\">\n\t\t\t\t\t\t\t\t<div class=\"elementor-text-editor elementor-clearfix\">\n\t\t\t\t<p>Wir versuchen es unseren Mitarbeitern im Unternehmen so angenehm,&nbsp;<span style=\"font-size: inherit;\">wie m\u00f6glich zu gestalten und sie regelm\u00e4\u00dfig in Sachen W\u00e4schereimaschinentechnik auf den neusten Stand zu bringen und dahingehend regelm\u00e4\u00dfig zu schulen.<\/span><\/p>\n<p>Wir achten stets auf eine gute technische Ausstattung in unserem Unternehmen. <span>&nbsp;<\/span><\/p>\n<p>Dazu stellen wir unserem gesamten Team kontinuierlich neue Computer, Handy, Laptops und Tablets zur Verf\u00fcgung.&nbsp;<\/p>\n<p>Auch Werkzeug, Arbeitskleidung und das Betriebsauto wird von der Firma f\u00fcr unsere Mitarbeiter gestellt.&nbsp;<\/p>\n<p><br><\/p>\n<p><\/p>\t\t\t\t\t<\/div>\n\t\t\t\t\t\t<\/div>\n\t\t\t\t<\/div>\n\t\t\t\t\t\t<\/div>\n\t\t\t\t\t<\/div>\n\t\t<\/div>\n\t\t\t\t<div class=\"elementor-column elementor-col-25 elementor-top-column elementor-element elementor-element-6dfd04c\" data-id=\"6dfd04c\" data-element_type=\"column\">\n\t\t\t<div class=\"elementor-column-wrap elementor-element-populated\">\n\t\t\t\t\t\t\t<div class=\"elementor-widget-wrap\">\n\t\t\t\t\t\t<div class=\"elementor-element elementor-element-5e0ed5f elementor-widget__width-inherit elementor-absolute elementor-widget elementor-widget-image\" data-id=\"5e0ed5f\" data-element_type=\"widget\" data-settings=\"{&quot;_position&quot;:&quot;absolute&quot;}\" data-widget_type=\"image.default\">\n\t\t\t\t<div class=\"elementor-widget-container\">\n\t\t\t\t\t\t\t\t<div class=\"elementor-image\">\n\t\t\t\t\t\t\t\t\t\t\t\t<img decoding=\"async\" width=\"750\" height=\"982\" src=\"https:\/\/wgs-waeschereitechnik.de\/wp-content\/uploads\/2019\/07\/IMG_3558-782x1024.png\" class=\"attachment-large size-large wp-image-2002\" alt=\"\" loading=\"lazy\" srcset=\"https:\/\/wgs-waeschereitechnik.de\/wp-content\/uploads\/2019\/07\/IMG_3558-782x1024.png 782w, https:\/\/wgs-waeschereitechnik.de\/wp-content\/uploads\/2019\/07\/IMG_3558-229x300.png 229w, https:\/\/wgs-waeschereitechnik.de\/wp-content\/uploads\/2019\/07\/IMG_3558-768x1006.png 768w, https:\/\/wgs-waeschereitechnik.de\/wp-content\/uploads\/2019\/07\/IMG_3558-600x786.png 600w\" sizes=\"(max-width: 750px) 100vw, 750px\" \/>\t\t\t\t\t\t\t\t\t\t\t\t\t\t<\/div>\n\t\t\t\t\t\t<\/div>\n\t\t\t\t<\/div>\n\t\t\t\t\t\t<\/div>\n\t\t\t\t\t<\/div>\n\t\t<\/div>\n\t\t\t\t\t\t\t\t<\/div>\n\t\t\t\t\t<\/div>\n\t\t<\/section>\n\t\t\t\t<section class=\"elementor-section elementor-top-section elementor-element elementor-element-086b2fe elementor-section-boxed elementor-section-height-default elementor-section-height-default\" data-id=\"086b2fe\" data-element_type=\"section\">\n\t\t\t\t\t\t<div class=\"elementor-container elementor-column-gap-default\">\n\t\t\t\t\t\t\t<div class=\"elementor-row\">\n\t\t\t\t\t<div class=\"elementor-column elementor-col-100 elementor-top-column elementor-element elementor-element-52ebacd\" data-id=\"52ebacd\" data-element_type=\"column\">\n\t\t\t<div class=\"elementor-column-wrap elementor-element-populated\">\n\t\t\t\t\t\t\t<div class=\"elementor-widget-wrap\">\n\t\t\t\t\t\t<div class=\"elementor-element elementor-element-cdb3a52 elementor-widget elementor-widget-heading\" data-id=\"cdb3a52\" data-element_type=\"widget\" data-widget_type=\"heading.default\">\n\t\t\t\t<div class=\"elementor-widget-container\">\n\t\t\t<h2 class=\"elementor-heading-title elementor-size-default\">An unserem Standort in Wasungen <\/h2>\t\t<\/div>\n\t\t\t\t<\/div>\n\t\t\t\t\t\t<\/div>\n\t\t\t\t\t<\/div>\n\t\t<\/div>\n\t\t\t\t\t\t\t\t<\/div>\n\t\t\t\t\t<\/div>\n\t\t<\/section>\n\t\t\t\t<section class=\"elementor-section elementor-top-section elementor-element elementor-element-5953587 elementor-section-boxed elementor-section-height-default elementor-section-height-default\" data-id=\"5953587\" data-element_type=\"section\">\n\t\t\t\t\t\t<div class=\"elementor-container elementor-column-gap-default\">\n\t\t\t\t\t\t\t<div class=\"elementor-row\">\n\t\t\t\t\t<div class=\"elementor-column elementor-col-50 elementor-top-column elementor-element elementor-element-1d9a5d9\" data-id=\"1d9a5d9\" data-element_type=\"column\">\n\t\t\t<div class=\"elementor-column-wrap elementor-element-populated\">\n\t\t\t\t\t\t\t<div class=\"elementor-widget-wrap\">\n\t\t\t\t\t\t<div class=\"elementor-element elementor-element-b11232f elementor-widget__width-inherit elementor-widget elementor-widget-image\" data-id=\"b11232f\" data-element_type=\"widget\" data-widget_type=\"image.default\">\n\t\t\t\t<div class=\"elementor-widget-container\">\n\t\t\t\t\t\t\t\t<div class=\"elementor-image\">\n\t\t\t\t\t\t\t\t\t\t\t\t<img decoding=\"async\" width=\"750\" height=\"500\" src=\"https:\/\/wgs-waeschereitechnik.de\/wp-content\/uploads\/2019\/07\/IMG_3703-1.jpg\" class=\"attachment-large size-large wp-image-2184\" alt=\"\" loading=\"lazy\" \/>\t\t\t\t\t\t\t\t\t\t\t\t\t\t<\/div>\n\t\t\t\t\t\t<\/div>\n\t\t\t\t<\/div>\n\t\t\t\t\t\t<\/div>\n\t\t\t\t\t<\/div>\n\t\t<\/div>\n\t\t\t\t<div class=\"elementor-column elementor-col-50 elementor-top-column elementor-element elementor-element-bcac1be\" data-id=\"bcac1be\" data-element_type=\"column\">\n\t\t\t<div class=\"elementor-column-wrap elementor-element-populated\">\n\t\t\t\t\t\t\t<div class=\"elementor-widget-wrap\">\n\t\t\t\t\t\t<div class=\"elementor-element elementor-element-331cce2 elementor-widget elementor-widget-image\" data-id=\"331cce2\" data-element_type=\"widget\" data-widget_type=\"image.default\">\n\t\t\t\t<div class=\"elementor-widget-container\">\n\t\t\t\t\t\t\t\t<div class=\"elementor-image\">\n\t\t\t\t\t\t\t\t\t\t\t\t<img decoding=\"async\" width=\"750\" height=\"500\" src=\"https:\/\/wgs-waeschereitechnik.de\/wp-content\/uploads\/2019\/07\/IMG_3633-1024x683.png\" class=\"attachment-large size-large wp-image-2146\" alt=\"\" loading=\"lazy\" srcset=\"https:\/\/wgs-waeschereitechnik.de\/wp-content\/uploads\/2019\/07\/IMG_3633-1024x683.png 1024w, https:\/\/wgs-waeschereitechnik.de\/wp-content\/uploads\/2019\/07\/IMG_3633-300x200.png 300w, https:\/\/wgs-waeschereitechnik.de\/wp-content\/uploads\/2019\/07\/IMG_3633-768x512.png 768w, https:\/\/wgs-waeschereitechnik.de\/wp-content\/uploads\/2019\/07\/IMG_3633-360x240.png 360w, https:\/\/wgs-waeschereitechnik.de\/wp-content\/uploads\/2019\/07\/IMG_3633-600x400.png 600w\" sizes=\"(max-width: 750px) 100vw, 750px\" \/>\t\t\t\t\t\t\t\t\t\t\t\t\t\t<\/div>\n\t\t\t\t\t\t<\/div>\n\t\t\t\t<\/div>\n\t\t\t\t\t\t<\/div>\n\t\t\t\t\t<\/div>\n\t\t<\/div>\n\t\t\t\t\t\t\t\t<\/div>\n\t\t\t\t\t<\/div>\n\t\t<\/section>\n\t\t\t\t<section class=\"elementor-section elementor-top-section elementor-element elementor-element-12291d1 elementor-section-boxed elementor-section-height-default elementor-section-height-default\" data-id=\"12291d1\" data-element_type=\"section\">\n\t\t\t\t\t\t<div class=\"elementor-container elementor-column-gap-default\">\n\t\t\t\t\t\t\t<div class=\"elementor-row\">\n\t\t\t\t\t<div class=\"elementor-column elementor-col-100 elementor-top-column elementor-element elementor-element-6c1c256\" data-id=\"6c1c256\" data-element_type=\"column\">\n\t\t\t<div class=\"elementor-column-wrap elementor-element-populated\">\n\t\t\t\t\t\t\t<div class=\"elementor-widget-wrap\">\n\t\t\t\t\t\t<div class=\"elementor-element elementor-element-cd87e4d elementor-widget elementor-widget-text-editor\" data-id=\"cd87e4d\" data-element_type=\"widget\" data-widget_type=\"text-editor.default\">\n\t\t\t\t<div class=\"elementor-widget-container\">\n\t\t\t\t\t\t\t\t<div class=\"elementor-text-editor elementor-clearfix\">\n\t\t\t\t<p>Wir versuchen nicht nur in unserem sch\u00f6nen B\u00fcro in Wasungen,\u00a0<\/p>\n<p>sondern auch auf Betriebsreisen stets eine angenehme und freundliche Atmosph\u00e4re zu schaffen.\u00a0<\/p>\n<p>Auch W\u00fcnsche ber\u00fccksichtigen wir gerne und gehen auf die Individualit\u00e4t jedes Mitarbeiters ein.\u00a0<\/p>\n<p>Wir finden es sehr wichtig sich vor allem auf seiner t\u00e4glichen Arbeit wohl zu f\u00fchlen. <span>\u00a0<\/span><\/p>\t\t\t\t\t<\/div>\n\t\t\t\t\t\t<\/div>\n\t\t\t\t<\/div>\n\t\t\t\t\t\t<\/div>\n\t\t\t\t\t<\/div>\n\t\t<\/div>\n\t\t\t\t\t\t\t\t<\/div>\n\t\t\t\t\t<\/div>\n\t\t<\/section>\n\t\t\t\t<section class=\"elementor-section elementor-top-section elementor-element elementor-element-ac71eba elementor-section-boxed elementor-section-height-default elementor-section-height-default\" data-id=\"ac71eba\" data-element_type=\"section\">\n\t\t\t\t\t\t<div class=\"elementor-container elementor-column-gap-default\">\n\t\t\t\t\t\t\t<div class=\"elementor-row\">\n\t\t\t\t\t<div class=\"elementor-column elementor-col-100 elementor-top-column elementor-element elementor-element-21e4f5d\" data-id=\"21e4f5d\" data-element_type=\"column\">\n\t\t\t<div class=\"elementor-column-wrap elementor-element-populated\">\n\t\t\t\t\t\t\t<div class=\"elementor-widget-wrap\">\n\t\t\t\t\t\t<div class=\"elementor-element elementor-element-9d3c104 elementor-widget elementor-widget-spacer\" data-id=\"9d3c104\" data-element_type=\"widget\" data-widget_type=\"spacer.default\">\n\t\t\t\t<div class=\"elementor-widget-container\">\n\t\t\t\t\t<div class=\"elementor-spacer\">\n\t\t\t<div class=\"elementor-spacer-inner\"><\/div>\n\t\t<\/div>\n\t\t\t\t<\/div>\n\t\t\t\t<\/div>\n\t\t\t\t\t\t<\/div>\n\t\t\t\t\t<\/div>\n\t\t<\/div>\n\t\t\t\t\t\t\t\t<\/div>\n\t\t\t\t\t<\/div>\n\t\t<\/section>\n\t\t\t\t<section class=\"elementor-section elementor-top-section elementor-element elementor-element-1638882 elementor-section-boxed elementor-section-height-default elementor-section-height-default\" data-id=\"1638882\" data-element_type=\"section\">\n\t\t\t\t\t\t<div class=\"elementor-container elementor-column-gap-default\">\n\t\t\t\t\t\t\t<div class=\"elementor-row\">\n\t\t\t\t\t<div class=\"elementor-column elementor-col-100 elementor-top-column elementor-element elementor-element-df1877e\" data-id=\"df1877e\" data-element_type=\"column\">\n\t\t\t<div class=\"elementor-column-wrap elementor-element-populated\">\n\t\t\t\t\t\t\t<div class=\"elementor-widget-wrap\">\n\t\t\t\t\t\t<div class=\"elementor-element elementor-element-77d2e0d elementor-widget elementor-widget-heading\" data-id=\"77d2e0d\" data-element_type=\"widget\" data-widget_type=\"heading.default\">\n\t\t\t\t<div class=\"elementor-widget-container\">\n\t\t\t<h2 class=\"elementor-heading-title elementor-size-default\">Besuchen Sie uns gern! Mit Freude geben wir Ihnen auch einen Einblick in unsere Region <\/h2>\t\t<\/div>\n\t\t\t\t<\/div>\n\t\t\t\t\t\t<\/div>\n\t\t\t\t\t<\/div>\n\t\t<\/div>\n\t\t\t\t\t\t\t\t<\/div>\n\t\t\t\t\t<\/div>\n\t\t<\/section>\n\t\t\t\t<section class=\"elementor-section elementor-top-section elementor-element elementor-element-6aaf091 elementor-section-boxed elementor-section-height-default elementor-section-height-default\" data-id=\"6aaf091\" data-element_type=\"section\">\n\t\t\t\t\t\t<div class=\"elementor-container elementor-column-gap-default\">\n\t\t\t\t\t\t\t<div class=\"elementor-row\">\n\t\t\t\t\t<div class=\"elementor-column elementor-col-100 elementor-top-column elementor-element elementor-element-144f192\" data-id=\"144f192\" data-element_type=\"column\">\n\t\t\t<div class=\"elementor-column-wrap elementor-element-populated\">\n\t\t\t\t\t\t\t<div class=\"elementor-widget-wrap\">\n\t\t\t\t\t\t<div class=\"elementor-element elementor-element-44ab40c elementor-widget elementor-widget-image\" data-id=\"44ab40c\" data-element_type=\"widget\" data-widget_type=\"image.default\">\n\t\t\t\t<div class=\"elementor-widget-container\">\n\t\t\t\t\t\t\t\t<div class=\"elementor-image\">\n\t\t\t\t\t\t\t\t\t\t\t\t<img decoding=\"async\" width=\"750\" height=\"1000\" src=\"https:\/\/wgs-waeschereitechnik.de\/wp-content\/uploads\/2019\/07\/germany-1423911_1920-Kopie-768x1024.png\" class=\"attachment-large size-large wp-image-2185\" alt=\"\" loading=\"lazy\" srcset=\"https:\/\/wgs-waeschereitechnik.de\/wp-content\/uploads\/2019\/07\/germany-1423911_1920-Kopie-768x1024.png 768w, https:\/\/wgs-waeschereitechnik.de\/wp-content\/uploads\/2019\/07\/germany-1423911_1920-Kopie-225x300.png 225w, https:\/\/wgs-waeschereitechnik.de\/wp-content\/uploads\/2019\/07\/germany-1423911_1920-Kopie-600x800.png 600w, https:\/\/wgs-waeschereitechnik.de\/wp-content\/uploads\/2019\/07\/germany-1423911_1920-Kopie.png 1440w\" sizes=\"(max-width: 750px) 100vw, 750px\" \/>\t\t\t\t\t\t\t\t\t\t\t\t\t\t<\/div>\n\t\t\t\t\t\t<\/div>\n\t\t\t\t<\/div>\n\t\t\t\t\t\t<\/div>\n\t\t\t\t\t<\/div>\n\t\t<\/div>\n\t\t\t\t\t\t\t\t<\/div>\n\t\t\t\t\t<\/div>\n\t\t<\/section>\n\t\t\t\t\t\t\t\t\t<\/div>\n\t\t\t<\/div>\n\t\t\t\t\t<\/div>\n\t\t","protected":false},"excerpt":{"rendered":"<p>Arbeitsumfeld Wir versuchen es unseren Mitarbeitern im Unternehmen so angenehm,&nbsp;wie m\u00f6glich zu gestalten und sie regelm\u00e4\u00dfig in Sachen W\u00e4schereimaschinentechnik auf den neusten Stand zu bringen und dahingehend regelm\u00e4\u00dfig zu schulen. Wir achten stets auf eine gute technische Ausstattung in unserem Unternehmen. &nbsp; Dazu stellen wir unserem gesamten Team kontinuierlich neue [&hellip;]<\/p>\n","protected":false},"author":1,"featured_media":0,"parent":0,"menu_order":0,"comment_status":"closed","ping_status":"closed","template":"elementor_header_footer","meta":[],"_links":{"self":[{"href":"https:\/\/wgs-waeschereitechnik.de\/index.php?rest_route=\/wp\/v2\/pages\/1875"}],"collection":[{"href":"https:\/\/wgs-waeschereitechnik.de\/index.php?rest_route=\/wp\/v2\/pages"}],"about":[{"href":"https:\/\/wgs-waeschereitechnik.de\/index.php?rest_route=\/wp\/v2\/types\/page"}],"author":[{"embeddable":true,"href":"https:\/\/wgs-waeschereitechnik.de\/index.php?rest_route=\/wp\/v2\/users\/1"}],"replies":[{"embeddable":true,"href":"https:\/\/wgs-waeschereitechnik.de\/index.php?rest_route=%2Fwp%2Fv2%2Fcomments&post=1875"}],"version-history":[{"count":7,"href":"https:\/\/wgs-waeschereitechnik.de\/index.php?rest_route=\/wp\/v2\/pages\/1875\/revisions"}],"predecessor-version":[{"id":2466,"href":"https:\/\/wgs-waeschereitechnik.de\/index.php?rest_route=\/wp\/v2\/pages\/1875\/revisions\/2466"}],"wp:attachment":[{"href":"https:\/\/wgs-waeschereitechnik.de\/index.php?rest_route=%2Fwp%2Fv2%2Fmedia&parent=1875"}],"curies":[{"name":"wp","href":"https:\/\/api.w.org\/{rel}","templated":true}]}}