{"id":1873,"date":"2019-07-11T11:41:42","date_gmt":"2019-07-11T11:41:42","guid":{"rendered":"http:\/\/wgs-waeschereitechnik.de\/?page_id=1873"},"modified":"2019-07-19T08:41:35","modified_gmt":"2019-07-19T08:41:35","slug":"werte","status":"publish","type":"page","link":"https:\/\/wgs-waeschereitechnik.de\/?page_id=1873","title":{"rendered":"Werte"},"content":{"rendered":"\t\t<div data-elementor-type=\"wp-post\" data-elementor-id=\"1873\" class=\"elementor elementor-1873\">\n\t\t\t\t\t\t<div class=\"elementor-inner\">\n\t\t\t\t<div class=\"elementor-section-wrap\">\n\t\t\t\t\t\t\t\t\t<section class=\"elementor-section elementor-top-section elementor-element elementor-element-6c00a48 elementor-section-boxed elementor-section-height-default elementor-section-height-default\" data-id=\"6c00a48\" data-element_type=\"section\" data-settings=\"{&quot;background_background&quot;:&quot;classic&quot;}\">\n\t\t\t\t\t\t<div class=\"elementor-container elementor-column-gap-default\">\n\t\t\t\t\t\t\t<div class=\"elementor-row\">\n\t\t\t\t\t<div class=\"elementor-column elementor-col-100 elementor-top-column elementor-element elementor-element-a40beb1\" data-id=\"a40beb1\" data-element_type=\"column\">\n\t\t\t<div class=\"elementor-column-wrap elementor-element-populated\">\n\t\t\t\t\t\t\t<div class=\"elementor-widget-wrap\">\n\t\t\t\t\t\t<div class=\"elementor-element elementor-element-01b123e elementor-widget elementor-widget-heading\" data-id=\"01b123e\" data-element_type=\"widget\" data-widget_type=\"heading.default\">\n\t\t\t\t<div class=\"elementor-widget-container\">\n\t\t\t<h2 class=\"elementor-heading-title elementor-size-default\">Werte<\/h2>\t\t<\/div>\n\t\t\t\t<\/div>\n\t\t\t\t<div class=\"elementor-element elementor-element-00e7c15 elementor-widget elementor-widget-spacer\" data-id=\"00e7c15\" data-element_type=\"widget\" data-widget_type=\"spacer.default\">\n\t\t\t\t<div class=\"elementor-widget-container\">\n\t\t\t\t\t<div class=\"elementor-spacer\">\n\t\t\t<div class=\"elementor-spacer-inner\"><\/div>\n\t\t<\/div>\n\t\t\t\t<\/div>\n\t\t\t\t<\/div>\n\t\t\t\t\t\t<\/div>\n\t\t\t\t\t<\/div>\n\t\t<\/div>\n\t\t\t\t\t\t\t\t<\/div>\n\t\t\t\t\t<\/div>\n\t\t<\/section>\n\t\t\t\t<section class=\"elementor-section elementor-top-section elementor-element elementor-element-f9c2424 elementor-section-boxed elementor-section-height-default elementor-section-height-default\" data-id=\"f9c2424\" data-element_type=\"section\">\n\t\t\t\t\t\t<div class=\"elementor-container elementor-column-gap-default\">\n\t\t\t\t\t\t\t<div class=\"elementor-row\">\n\t\t\t\t\t<div class=\"elementor-column elementor-col-100 elementor-top-column elementor-element elementor-element-fd46ab1\" data-id=\"fd46ab1\" data-element_type=\"column\">\n\t\t\t<div class=\"elementor-column-wrap elementor-element-populated\">\n\t\t\t\t\t\t\t<div class=\"elementor-widget-wrap\">\n\t\t\t\t\t\t<div class=\"elementor-element elementor-element-923a2f1 elementor-widget elementor-widget-spacer\" data-id=\"923a2f1\" data-element_type=\"widget\" data-widget_type=\"spacer.default\">\n\t\t\t\t<div class=\"elementor-widget-container\">\n\t\t\t\t\t<div class=\"elementor-spacer\">\n\t\t\t<div class=\"elementor-spacer-inner\"><\/div>\n\t\t<\/div>\n\t\t\t\t<\/div>\n\t\t\t\t<\/div>\n\t\t\t\t\t\t<\/div>\n\t\t\t\t\t<\/div>\n\t\t<\/div>\n\t\t\t\t\t\t\t\t<\/div>\n\t\t\t\t\t<\/div>\n\t\t<\/section>\n\t\t\t\t<section class=\"elementor-section elementor-top-section elementor-element elementor-element-0e9bb37 elementor-section-boxed elementor-section-height-default elementor-section-height-default\" data-id=\"0e9bb37\" data-element_type=\"section\">\n\t\t\t\t\t\t<div class=\"elementor-container elementor-column-gap-default\">\n\t\t\t\t\t\t\t<div class=\"elementor-row\">\n\t\t\t\t\t<div class=\"elementor-column elementor-col-100 elementor-top-column elementor-element elementor-element-fe6e1c1\" data-id=\"fe6e1c1\" data-element_type=\"column\">\n\t\t\t<div class=\"elementor-column-wrap elementor-element-populated\">\n\t\t\t\t\t\t\t<div class=\"elementor-widget-wrap\">\n\t\t\t\t\t\t<div class=\"elementor-element elementor-element-fdbe239 elementor-absolute elementor-widget elementor-widget-heading\" data-id=\"fdbe239\" data-element_type=\"widget\" data-settings=\"{&quot;_position&quot;:&quot;absolute&quot;}\" data-widget_type=\"heading.default\">\n\t\t\t\t<div class=\"elementor-widget-container\">\n\t\t\t<h2 class=\"elementor-heading-title elementor-size-default\">Werte<\/h2>\t\t<\/div>\n\t\t\t\t<\/div>\n\t\t\t\t\t\t<\/div>\n\t\t\t\t\t<\/div>\n\t\t<\/div>\n\t\t\t\t\t\t\t\t<\/div>\n\t\t\t\t\t<\/div>\n\t\t<\/section>\n\t\t\t\t<section class=\"elementor-section elementor-top-section elementor-element elementor-element-63c7c92 elementor-section-boxed elementor-section-height-default elementor-section-height-default\" data-id=\"63c7c92\" data-element_type=\"section\">\n\t\t\t\t\t\t<div class=\"elementor-container elementor-column-gap-default\">\n\t\t\t\t\t\t\t<div class=\"elementor-row\">\n\t\t\t\t\t<div class=\"elementor-column elementor-col-50 elementor-top-column elementor-element elementor-element-094f8ac\" data-id=\"094f8ac\" data-element_type=\"column\">\n\t\t\t<div class=\"elementor-column-wrap elementor-element-populated\">\n\t\t\t\t\t\t\t<div class=\"elementor-widget-wrap\">\n\t\t\t\t\t\t<div class=\"elementor-element elementor-element-f4ab2e0 elementor-widget elementor-widget-text-editor\" data-id=\"f4ab2e0\" data-element_type=\"widget\" data-widget_type=\"text-editor.default\">\n\t\t\t\t<div class=\"elementor-widget-container\">\n\t\t\t\t\t\t\t\t<div class=\"elementor-text-editor elementor-clearfix\">\n\t\t\t\t<p><b>Unser Unternehmen verkauft, plant und ber\u00e4t bei der Einrichtung von gewerblichen W\u00e4schereien.<\/b><\/p><p><b>&nbsp;<\/b><\/p>\n<p><\/p>\n<p>Die WGS ist vollst\u00e4ndig familiengef\u00fchrt, daher ist uns ein pers\u00f6nliches Verh\u00e4ltnis zu allen unseren Kunden und zu unseren Mitarbeitern sehr wichtig.<\/p><p><br><\/p><p><br><\/p>\n<p><\/p>\n<p><b>Ein freundliches Miteinander ist die Grundlage f\u00fcr ein erfolgreiches und gut gef\u00fchrtes Unternehmen.<\/b><\/p><p><b><br><\/b><\/p>\n<p><\/p>\n<p>Nat\u00fcrlich streben wir immer nach der Perfektion in unserer t\u00e4glichen Arbeit.<\/p><p><br><\/p><p><br><\/p>\n<p><\/p>\n<p><b>Unser Gesch\u00e4ftsf\u00fchrer achtet sehr auf gute Vorbereitung und optimale Umsetzung.&nbsp;<\/b><\/p><p><b><br><\/b><\/p>\n<p><\/p>\n<p>Dazu ist er und seine Mitarbeiter professionell ausgebildet.<\/p>\n<p>Es ist uns sehr wichtig diese Professionalit\u00e4t auch im Laufe der Zeit und mit den Ver\u00e4nderungen nicht zu verlieren.<\/p>\n<p>Dazu besuchen wir kontinuierlich Weiterbildungen und auch unsere Techniker werden dauerhaft geschult.<\/p>\n<p>Nur so k\u00f6nnen wir Ihnen immer eine einwandfreie Beratung<\/p>\n<p>zu den Neuerungen mit den besten Konditionen bieten.<\/p><p><br><\/p>\n<p><\/p>\n<p><b>Dabei ist es uns sehr wichtig die besonderen Anforderungen von Arbeits- Umwelt- und Textilschutz zu ber\u00fccksichtigen.<\/b><\/p>\n<p><\/p>\n<p>Wir sind bestrebt auf alle ihre Anforderungen und W\u00fcnsche einzugehen, sowie sie auch nach dem Verkauf und Einbau weiterhin kompetent zu betreuen und&nbsp;<span style=\"font-size: inherit;\">stets bei Fragen und Erl\u00e4uterungen zur Verf\u00fcgung zu stehen.<\/span><\/p>\n<p>Dazu streben wir t\u00e4glich an, rund um die Uhr f\u00fcr sie erreichbar zu sein, um Ihnen bei Notf\u00e4llen schnell zur Verf\u00fcgung stehen zu k\u00f6nnen.<\/p>\t\t\t\t\t<\/div>\n\t\t\t\t\t\t<\/div>\n\t\t\t\t<\/div>\n\t\t\t\t\t\t<\/div>\n\t\t\t\t\t<\/div>\n\t\t<\/div>\n\t\t\t\t<div class=\"elementor-column elementor-col-50 elementor-top-column elementor-element elementor-element-f57a44a\" data-id=\"f57a44a\" data-element_type=\"column\">\n\t\t\t<div class=\"elementor-column-wrap elementor-element-populated\">\n\t\t\t\t\t\t\t<div class=\"elementor-widget-wrap\">\n\t\t\t\t\t\t<div class=\"elementor-element elementor-element-a97912d elementor-widget elementor-widget-image\" data-id=\"a97912d\" data-element_type=\"widget\" data-widget_type=\"image.default\">\n\t\t\t\t<div class=\"elementor-widget-container\">\n\t\t\t\t\t\t\t\t<div class=\"elementor-image\">\n\t\t\t\t\t\t\t\t\t\t\t\t<img decoding=\"async\" width=\"750\" height=\"500\" src=\"https:\/\/wgs-waeschereitechnik.de\/wp-content\/uploads\/2019\/07\/IMG_3721-1024x683.jpg\" class=\"attachment-large size-large wp-image-2164\" alt=\"\" loading=\"lazy\" srcset=\"https:\/\/wgs-waeschereitechnik.de\/wp-content\/uploads\/2019\/07\/IMG_3721-1024x683.jpg 1024w, https:\/\/wgs-waeschereitechnik.de\/wp-content\/uploads\/2019\/07\/IMG_3721-300x200.jpg 300w, https:\/\/wgs-waeschereitechnik.de\/wp-content\/uploads\/2019\/07\/IMG_3721-768x512.jpg 768w, https:\/\/wgs-waeschereitechnik.de\/wp-content\/uploads\/2019\/07\/IMG_3721-360x240.jpg 360w, https:\/\/wgs-waeschereitechnik.de\/wp-content\/uploads\/2019\/07\/IMG_3721-600x400.jpg 600w\" sizes=\"(max-width: 750px) 100vw, 750px\" \/>\t\t\t\t\t\t\t\t\t\t\t\t\t\t<\/div>\n\t\t\t\t\t\t<\/div>\n\t\t\t\t<\/div>\n\t\t\t\t<div class=\"elementor-element elementor-element-8acb674 elementor-widget elementor-widget-image\" data-id=\"8acb674\" data-element_type=\"widget\" data-widget_type=\"image.default\">\n\t\t\t\t<div class=\"elementor-widget-container\">\n\t\t\t\t\t\t\t\t<div class=\"elementor-image\">\n\t\t\t\t\t\t\t\t\t\t\t\t<img decoding=\"async\" width=\"750\" height=\"584\" src=\"https:\/\/wgs-waeschereitechnik.de\/wp-content\/uploads\/2019\/07\/IMG_3545-1024x797.png\" class=\"attachment-large size-large wp-image-2158\" alt=\"\" loading=\"lazy\" srcset=\"https:\/\/wgs-waeschereitechnik.de\/wp-content\/uploads\/2019\/07\/IMG_3545-1024x797.png 1024w, https:\/\/wgs-waeschereitechnik.de\/wp-content\/uploads\/2019\/07\/IMG_3545-300x234.png 300w, https:\/\/wgs-waeschereitechnik.de\/wp-content\/uploads\/2019\/07\/IMG_3545-768x598.png 768w, https:\/\/wgs-waeschereitechnik.de\/wp-content\/uploads\/2019\/07\/IMG_3545-600x467.png 600w\" sizes=\"(max-width: 750px) 100vw, 750px\" \/>\t\t\t\t\t\t\t\t\t\t\t\t\t\t<\/div>\n\t\t\t\t\t\t<\/div>\n\t\t\t\t<\/div>\n\t\t\t\t<div class=\"elementor-element elementor-element-d4edbee elementor-widget elementor-widget-image\" data-id=\"d4edbee\" data-element_type=\"widget\" data-widget_type=\"image.default\">\n\t\t\t\t<div class=\"elementor-widget-container\">\n\t\t\t\t\t\t\t\t<div class=\"elementor-image\">\n\t\t\t\t\t\t\t\t\t\t\t\t<img decoding=\"async\" width=\"750\" height=\"500\" src=\"https:\/\/wgs-waeschereitechnik.de\/wp-content\/uploads\/2019\/07\/IMG_3709-1024x683.jpg\" class=\"attachment-large size-large wp-image-2163\" alt=\"\" loading=\"lazy\" srcset=\"https:\/\/wgs-waeschereitechnik.de\/wp-content\/uploads\/2019\/07\/IMG_3709-1024x683.jpg 1024w, https:\/\/wgs-waeschereitechnik.de\/wp-content\/uploads\/2019\/07\/IMG_3709-300x200.jpg 300w, https:\/\/wgs-waeschereitechnik.de\/wp-content\/uploads\/2019\/07\/IMG_3709-768x512.jpg 768w, https:\/\/wgs-waeschereitechnik.de\/wp-content\/uploads\/2019\/07\/IMG_3709-360x240.jpg 360w, https:\/\/wgs-waeschereitechnik.de\/wp-content\/uploads\/2019\/07\/IMG_3709-600x400.jpg 600w\" sizes=\"(max-width: 750px) 100vw, 750px\" \/>\t\t\t\t\t\t\t\t\t\t\t\t\t\t<\/div>\n\t\t\t\t\t\t<\/div>\n\t\t\t\t<\/div>\n\t\t\t\t<div class=\"elementor-element elementor-element-c84750f elementor-widget elementor-widget-image\" data-id=\"c84750f\" data-element_type=\"widget\" data-widget_type=\"image.default\">\n\t\t\t\t<div class=\"elementor-widget-container\">\n\t\t\t\t\t\t\t\t<div class=\"elementor-image\">\n\t\t\t\t\t\t\t\t\t\t\t\t<img decoding=\"async\" width=\"750\" height=\"500\" src=\"https:\/\/wgs-waeschereitechnik.de\/wp-content\/uploads\/2019\/07\/IMG_3458-1024x683.jpg\" class=\"attachment-large size-large wp-image-2166\" alt=\"\" loading=\"lazy\" srcset=\"https:\/\/wgs-waeschereitechnik.de\/wp-content\/uploads\/2019\/07\/IMG_3458-1024x683.jpg 1024w, https:\/\/wgs-waeschereitechnik.de\/wp-content\/uploads\/2019\/07\/IMG_3458-300x200.jpg 300w, https:\/\/wgs-waeschereitechnik.de\/wp-content\/uploads\/2019\/07\/IMG_3458-768x512.jpg 768w, https:\/\/wgs-waeschereitechnik.de\/wp-content\/uploads\/2019\/07\/IMG_3458-360x240.jpg 360w, https:\/\/wgs-waeschereitechnik.de\/wp-content\/uploads\/2019\/07\/IMG_3458-600x400.jpg 600w\" sizes=\"(max-width: 750px) 100vw, 750px\" \/>\t\t\t\t\t\t\t\t\t\t\t\t\t\t<\/div>\n\t\t\t\t\t\t<\/div>\n\t\t\t\t<\/div>\n\t\t\t\t<div class=\"elementor-element elementor-element-d91fa07 elementor-widget elementor-widget-image\" data-id=\"d91fa07\" data-element_type=\"widget\" data-widget_type=\"image.default\">\n\t\t\t\t<div class=\"elementor-widget-container\">\n\t\t\t\t\t\t\t\t<div class=\"elementor-image\">\n\t\t\t\t\t\t\t\t\t\t\t\t<img decoding=\"async\" width=\"750\" height=\"500\" src=\"https:\/\/wgs-waeschereitechnik.de\/wp-content\/uploads\/2019\/07\/IMG_3693-1-1024x683.jpg\" class=\"attachment-large size-large wp-image-2165\" alt=\"\" loading=\"lazy\" srcset=\"https:\/\/wgs-waeschereitechnik.de\/wp-content\/uploads\/2019\/07\/IMG_3693-1-1024x683.jpg 1024w, https:\/\/wgs-waeschereitechnik.de\/wp-content\/uploads\/2019\/07\/IMG_3693-1-300x200.jpg 300w, https:\/\/wgs-waeschereitechnik.de\/wp-content\/uploads\/2019\/07\/IMG_3693-1-768x512.jpg 768w, https:\/\/wgs-waeschereitechnik.de\/wp-content\/uploads\/2019\/07\/IMG_3693-1-360x240.jpg 360w, https:\/\/wgs-waeschereitechnik.de\/wp-content\/uploads\/2019\/07\/IMG_3693-1-600x400.jpg 600w\" sizes=\"(max-width: 750px) 100vw, 750px\" \/>\t\t\t\t\t\t\t\t\t\t\t\t\t\t<\/div>\n\t\t\t\t\t\t<\/div>\n\t\t\t\t<\/div>\n\t\t\t\t\t\t<\/div>\n\t\t\t\t\t<\/div>\n\t\t<\/div>\n\t\t\t\t\t\t\t\t<\/div>\n\t\t\t\t\t<\/div>\n\t\t<\/section>\n\t\t\t\t<section class=\"elementor-section elementor-top-section elementor-element elementor-element-e2a7db3 elementor-section-boxed elementor-section-height-default elementor-section-height-default\" data-id=\"e2a7db3\" data-element_type=\"section\">\n\t\t\t\t\t\t<div class=\"elementor-container elementor-column-gap-default\">\n\t\t\t\t\t\t\t<div class=\"elementor-row\">\n\t\t\t\t\t<div class=\"elementor-column elementor-col-100 elementor-top-column elementor-element elementor-element-8fc19d7\" data-id=\"8fc19d7\" data-element_type=\"column\">\n\t\t\t<div class=\"elementor-column-wrap elementor-element-populated\">\n\t\t\t\t\t\t\t<div class=\"elementor-widget-wrap\">\n\t\t\t\t\t\t<div class=\"elementor-element elementor-element-ebbaa38 elementor-widget elementor-widget-spacer\" data-id=\"ebbaa38\" data-element_type=\"widget\" data-widget_type=\"spacer.default\">\n\t\t\t\t<div class=\"elementor-widget-container\">\n\t\t\t\t\t<div class=\"elementor-spacer\">\n\t\t\t<div class=\"elementor-spacer-inner\"><\/div>\n\t\t<\/div>\n\t\t\t\t<\/div>\n\t\t\t\t<\/div>\n\t\t\t\t\t\t<\/div>\n\t\t\t\t\t<\/div>\n\t\t<\/div>\n\t\t\t\t\t\t\t\t<\/div>\n\t\t\t\t\t<\/div>\n\t\t<\/section>\n\t\t\t\t<section class=\"elementor-section elementor-top-section elementor-element elementor-element-150ebfc elementor-section-boxed elementor-section-height-default elementor-section-height-default\" data-id=\"150ebfc\" data-element_type=\"section\" data-settings=\"{&quot;background_background&quot;:&quot;classic&quot;}\">\n\t\t\t\t\t\t<div class=\"elementor-container elementor-column-gap-default\">\n\t\t\t\t\t\t\t<div class=\"elementor-row\">\n\t\t\t\t\t<div class=\"elementor-column elementor-col-100 elementor-top-column elementor-element elementor-element-481cf31\" data-id=\"481cf31\" data-element_type=\"column\">\n\t\t\t<div class=\"elementor-column-wrap elementor-element-populated\">\n\t\t\t\t\t\t\t<div class=\"elementor-widget-wrap\">\n\t\t\t\t\t\t<div class=\"elementor-element elementor-element-a04fc46 elementor-absolute elementor-widget elementor-widget-heading\" data-id=\"a04fc46\" data-element_type=\"widget\" data-settings=\"{&quot;_position&quot;:&quot;absolute&quot;}\" data-widget_type=\"heading.default\">\n\t\t\t\t<div class=\"elementor-widget-container\">\n\t\t\t<h2 class=\"elementor-heading-title elementor-size-default\">Unser Gesch\u00e4ftsmodell<\/h2>\t\t<\/div>\n\t\t\t\t<\/div>\n\t\t\t\t<div class=\"elementor-element elementor-element-520063a elementor-widget__width-inherit elementor-widget elementor-widget-spacer\" data-id=\"520063a\" data-element_type=\"widget\" data-widget_type=\"spacer.default\">\n\t\t\t\t<div class=\"elementor-widget-container\">\n\t\t\t\t\t<div class=\"elementor-spacer\">\n\t\t\t<div class=\"elementor-spacer-inner\"><\/div>\n\t\t<\/div>\n\t\t\t\t<\/div>\n\t\t\t\t<\/div>\n\t\t\t\t\t\t<\/div>\n\t\t\t\t\t<\/div>\n\t\t<\/div>\n\t\t\t\t\t\t\t\t<\/div>\n\t\t\t\t\t<\/div>\n\t\t<\/section>\n\t\t\t\t<section class=\"elementor-section elementor-top-section elementor-element elementor-element-e52fab2 elementor-section-boxed elementor-section-height-default elementor-section-height-default\" data-id=\"e52fab2\" data-element_type=\"section\">\n\t\t\t\t\t\t<div class=\"elementor-container elementor-column-gap-default\">\n\t\t\t\t\t\t\t<div class=\"elementor-row\">\n\t\t\t\t\t<div class=\"elementor-column elementor-col-100 elementor-top-column elementor-element elementor-element-3626de9\" data-id=\"3626de9\" data-element_type=\"column\">\n\t\t\t<div class=\"elementor-column-wrap elementor-element-populated\">\n\t\t\t\t\t\t\t<div class=\"elementor-widget-wrap\">\n\t\t\t\t\t\t<div class=\"elementor-element elementor-element-f3bcc17 elementor-widget elementor-widget-spacer\" data-id=\"f3bcc17\" data-element_type=\"widget\" data-widget_type=\"spacer.default\">\n\t\t\t\t<div class=\"elementor-widget-container\">\n\t\t\t\t\t<div class=\"elementor-spacer\">\n\t\t\t<div class=\"elementor-spacer-inner\"><\/div>\n\t\t<\/div>\n\t\t\t\t<\/div>\n\t\t\t\t<\/div>\n\t\t\t\t\t\t<\/div>\n\t\t\t\t\t<\/div>\n\t\t<\/div>\n\t\t\t\t\t\t\t\t<\/div>\n\t\t\t\t\t<\/div>\n\t\t<\/section>\n\t\t\t\t<section class=\"elementor-section elementor-top-section elementor-element elementor-element-77df80f elementor-section-boxed elementor-section-height-default elementor-section-height-default\" data-id=\"77df80f\" data-element_type=\"section\" data-settings=\"{&quot;background_background&quot;:&quot;classic&quot;}\">\n\t\t\t\t\t\t<div class=\"elementor-container elementor-column-gap-default\">\n\t\t\t\t\t\t\t<div class=\"elementor-row\">\n\t\t\t\t\t<div class=\"elementor-column elementor-col-100 elementor-top-column elementor-element elementor-element-c834505\" data-id=\"c834505\" data-element_type=\"column\">\n\t\t\t<div class=\"elementor-column-wrap elementor-element-populated\">\n\t\t\t\t\t\t\t<div class=\"elementor-widget-wrap\">\n\t\t\t\t\t\t<div class=\"elementor-element elementor-element-be9d2d6 elementor-widget elementor-widget-image\" data-id=\"be9d2d6\" data-element_type=\"widget\" data-widget_type=\"image.default\">\n\t\t\t\t<div class=\"elementor-widget-container\">\n\t\t\t\t\t\t\t\t<div class=\"elementor-image\">\n\t\t\t\t\t\t\t\t\t\t\t\t<img decoding=\"async\" width=\"1377\" height=\"768\" src=\"https:\/\/wgs-waeschereitechnik.de\/wp-content\/uploads\/2019\/07\/Unbenannt-1-3.png\" class=\"attachment-full size-full wp-image-2152\" alt=\"\" loading=\"lazy\" srcset=\"https:\/\/wgs-waeschereitechnik.de\/wp-content\/uploads\/2019\/07\/Unbenannt-1-3.png 1377w, https:\/\/wgs-waeschereitechnik.de\/wp-content\/uploads\/2019\/07\/Unbenannt-1-3-300x167.png 300w, https:\/\/wgs-waeschereitechnik.de\/wp-content\/uploads\/2019\/07\/Unbenannt-1-3-768x428.png 768w, https:\/\/wgs-waeschereitechnik.de\/wp-content\/uploads\/2019\/07\/Unbenannt-1-3-1024x571.png 1024w, https:\/\/wgs-waeschereitechnik.de\/wp-content\/uploads\/2019\/07\/Unbenannt-1-3-600x335.png 600w\" sizes=\"(max-width: 1377px) 100vw, 1377px\" \/>\t\t\t\t\t\t\t\t\t\t\t\t\t\t<\/div>\n\t\t\t\t\t\t<\/div>\n\t\t\t\t<\/div>\n\t\t\t\t\t\t<\/div>\n\t\t\t\t\t<\/div>\n\t\t<\/div>\n\t\t\t\t\t\t\t\t<\/div>\n\t\t\t\t\t<\/div>\n\t\t<\/section>\n\t\t\t\t\t\t\t\t\t<\/div>\n\t\t\t<\/div>\n\t\t\t\t\t<\/div>\n\t\t","protected":false},"excerpt":{"rendered":"<p>Werte Werte Unser Unternehmen verkauft, plant und ber\u00e4t bei der Einrichtung von gewerblichen W\u00e4schereien. &nbsp; Die WGS ist vollst\u00e4ndig familiengef\u00fchrt, daher ist uns ein pers\u00f6nliches Verh\u00e4ltnis zu allen unseren Kunden und zu unseren Mitarbeitern sehr wichtig. Ein freundliches Miteinander ist die Grundlage f\u00fcr ein erfolgreiches und gut gef\u00fchrtes Unternehmen. Nat\u00fcrlich [&hellip;]<\/p>\n","protected":false},"author":1,"featured_media":0,"parent":0,"menu_order":0,"comment_status":"closed","ping_status":"closed","template":"elementor_header_footer","meta":[],"_links":{"self":[{"href":"https:\/\/wgs-waeschereitechnik.de\/index.php?rest_route=\/wp\/v2\/pages\/1873"}],"collection":[{"href":"https:\/\/wgs-waeschereitechnik.de\/index.php?rest_route=\/wp\/v2\/pages"}],"about":[{"href":"https:\/\/wgs-waeschereitechnik.de\/index.php?rest_route=\/wp\/v2\/types\/page"}],"author":[{"embeddable":true,"href":"https:\/\/wgs-waeschereitechnik.de\/index.php?rest_route=\/wp\/v2\/users\/1"}],"replies":[{"embeddable":true,"href":"https:\/\/wgs-waeschereitechnik.de\/index.php?rest_route=%2Fwp%2Fv2%2Fcomments&post=1873"}],"version-history":[{"count":12,"href":"https:\/\/wgs-waeschereitechnik.de\/index.php?rest_route=\/wp\/v2\/pages\/1873\/revisions"}],"predecessor-version":[{"id":2465,"href":"https:\/\/wgs-waeschereitechnik.de\/index.php?rest_route=\/wp\/v2\/pages\/1873\/revisions\/2465"}],"wp:attachment":[{"href":"https:\/\/wgs-waeschereitechnik.de\/index.php?rest_route=%2Fwp%2Fv2%2Fmedia&parent=1873"}],"curies":[{"name":"wp","href":"https:\/\/api.w.org\/{rel}","templated":true}]}}