{"id":1870,"date":"2019-07-11T11:41:42","date_gmt":"2019-07-11T11:41:42","guid":{"rendered":"http:\/\/wgs-waeschereitechnik.de\/?page_id=1870"},"modified":"2019-07-18T13:31:17","modified_gmt":"2019-07-18T13:31:17","slug":"team","status":"publish","type":"page","link":"https:\/\/wgs-waeschereitechnik.de\/?page_id=1870","title":{"rendered":"Team"},"content":{"rendered":"\t\t<div data-elementor-type=\"wp-post\" data-elementor-id=\"1870\" class=\"elementor elementor-1870\">\n\t\t\t\t\t\t<div class=\"elementor-inner\">\n\t\t\t\t<div class=\"elementor-section-wrap\">\n\t\t\t\t\t\t\t\t\t<section class=\"elementor-section elementor-top-section elementor-element elementor-element-8ee7c1c elementor-section-boxed elementor-section-height-default elementor-section-height-default\" data-id=\"8ee7c1c\" data-element_type=\"section\" data-settings=\"{&quot;background_background&quot;:&quot;classic&quot;}\">\n\t\t\t\t\t\t<div class=\"elementor-container elementor-column-gap-default\">\n\t\t\t\t\t\t\t<div class=\"elementor-row\">\n\t\t\t\t\t<div class=\"elementor-column elementor-col-100 elementor-top-column elementor-element elementor-element-87c1f44\" data-id=\"87c1f44\" data-element_type=\"column\">\n\t\t\t<div class=\"elementor-column-wrap elementor-element-populated\">\n\t\t\t\t\t\t\t<div class=\"elementor-widget-wrap\">\n\t\t\t\t\t\t<div class=\"elementor-element elementor-element-142c487 elementor-widget elementor-widget-heading\" data-id=\"142c487\" data-element_type=\"widget\" data-widget_type=\"heading.default\">\n\t\t\t\t<div class=\"elementor-widget-container\">\n\t\t\t<h2 class=\"elementor-heading-title elementor-size-default\">Unser Team<\/h2>\t\t<\/div>\n\t\t\t\t<\/div>\n\t\t\t\t\t\t<\/div>\n\t\t\t\t\t<\/div>\n\t\t<\/div>\n\t\t\t\t\t\t\t\t<\/div>\n\t\t\t\t\t<\/div>\n\t\t<\/section>\n\t\t\t\t<section class=\"elementor-section elementor-top-section elementor-element elementor-element-df9e0ac elementor-section-boxed elementor-section-height-default elementor-section-height-default\" data-id=\"df9e0ac\" data-element_type=\"section\" data-settings=\"{&quot;background_background&quot;:&quot;classic&quot;}\">\n\t\t\t\t\t\t\t<div class=\"elementor-background-overlay\"><\/div>\n\t\t\t\t\t\t\t<div class=\"elementor-container elementor-column-gap-default\">\n\t\t\t\t\t\t\t<div class=\"elementor-row\">\n\t\t\t\t\t<div class=\"elementor-column elementor-col-100 elementor-top-column elementor-element elementor-element-1cb1755\" data-id=\"1cb1755\" data-element_type=\"column\">\n\t\t\t<div class=\"elementor-column-wrap elementor-element-populated\">\n\t\t\t\t\t\t\t<div class=\"elementor-widget-wrap\">\n\t\t\t\t\t\t<div class=\"elementor-element elementor-element-1b79634 elementor-widget elementor-widget-spacer\" data-id=\"1b79634\" data-element_type=\"widget\" data-widget_type=\"spacer.default\">\n\t\t\t\t<div class=\"elementor-widget-container\">\n\t\t\t\t\t<div class=\"elementor-spacer\">\n\t\t\t<div class=\"elementor-spacer-inner\"><\/div>\n\t\t<\/div>\n\t\t\t\t<\/div>\n\t\t\t\t<\/div>\n\t\t\t\t\t\t<\/div>\n\t\t\t\t\t<\/div>\n\t\t<\/div>\n\t\t\t\t\t\t\t\t<\/div>\n\t\t\t\t\t<\/div>\n\t\t<\/section>\n\t\t\t\t<section class=\"elementor-section elementor-top-section elementor-element elementor-element-319689f elementor-section-boxed elementor-section-height-default elementor-section-height-default\" data-id=\"319689f\" data-element_type=\"section\">\n\t\t\t\t\t\t<div class=\"elementor-container elementor-column-gap-default\">\n\t\t\t\t\t\t\t<div class=\"elementor-row\">\n\t\t\t\t\t<div class=\"elementor-column elementor-col-100 elementor-top-column elementor-element elementor-element-fac2fd6\" data-id=\"fac2fd6\" data-element_type=\"column\">\n\t\t\t<div class=\"elementor-column-wrap elementor-element-populated\">\n\t\t\t\t\t\t\t<div class=\"elementor-widget-wrap\">\n\t\t\t\t\t\t<div class=\"elementor-element elementor-element-752a817 elementor-widget elementor-widget-spacer\" data-id=\"752a817\" data-element_type=\"widget\" data-widget_type=\"spacer.default\">\n\t\t\t\t<div class=\"elementor-widget-container\">\n\t\t\t\t\t<div class=\"elementor-spacer\">\n\t\t\t<div class=\"elementor-spacer-inner\"><\/div>\n\t\t<\/div>\n\t\t\t\t<\/div>\n\t\t\t\t<\/div>\n\t\t\t\t<div class=\"elementor-element elementor-element-c92faa5 elementor-widget elementor-widget-text-editor\" data-id=\"c92faa5\" data-element_type=\"widget\" data-widget_type=\"text-editor.default\">\n\t\t\t\t<div class=\"elementor-widget-container\">\n\t\t\t\t\t\t\t\t<div class=\"elementor-text-editor elementor-clearfix\">\n\t\t\t\t<p><b>Zusammenarbeit und Individualit\u00e4t sind uns im Unternehmen sehr wichtig.<\/b>\u00a0<\/p>\n<p><span>Dank unseres kleinen Teams ist das kein Problem.\u00a0<\/span><\/p>\n<p><span>\u00a0<\/span><\/p>\n<p><span>\u00a0<\/span><\/p>\n<p><span>Denn die eingesetzten Fachkr\u00e4fte kennen einander gut und k\u00f6nnen selbst, wie in einer Familie f\u00fchlen.\u00a0<\/span><\/p>\n<p>Wir versuchen stets unser Team mit hervorragender Technik auszustatten und ein gutes Arbeitsklima zu schaffen.\u00a0<\/p>\n<p>Wir besch\u00e4ftigen herausragende, fachkompetente Mitarbeiter, die Ihnen immer gern zur Verf\u00fcgung stehen.<\/p>\t\t\t\t\t<\/div>\n\t\t\t\t\t\t<\/div>\n\t\t\t\t<\/div>\n\t\t\t\t<div class=\"elementor-element elementor-element-0f552d5 elementor-widget elementor-widget-spacer\" data-id=\"0f552d5\" data-element_type=\"widget\" data-widget_type=\"spacer.default\">\n\t\t\t\t<div class=\"elementor-widget-container\">\n\t\t\t\t\t<div class=\"elementor-spacer\">\n\t\t\t<div class=\"elementor-spacer-inner\"><\/div>\n\t\t<\/div>\n\t\t\t\t<\/div>\n\t\t\t\t<\/div>\n\t\t\t\t\t\t<\/div>\n\t\t\t\t\t<\/div>\n\t\t<\/div>\n\t\t\t\t\t\t\t\t<\/div>\n\t\t\t\t\t<\/div>\n\t\t<\/section>\n\t\t\t\t<section class=\"elementor-section elementor-top-section elementor-element elementor-element-93cb0f6 elementor-section-boxed elementor-section-height-default elementor-section-height-default\" data-id=\"93cb0f6\" data-element_type=\"section\" data-settings=\"{&quot;background_background&quot;:&quot;classic&quot;}\">\n\t\t\t\t\t\t<div class=\"elementor-container elementor-column-gap-default\">\n\t\t\t\t\t\t\t<div class=\"elementor-row\">\n\t\t\t\t\t<div class=\"elementor-column elementor-col-100 elementor-top-column elementor-element elementor-element-00a79d0\" data-id=\"00a79d0\" data-element_type=\"column\">\n\t\t\t<div class=\"elementor-column-wrap elementor-element-populated\">\n\t\t\t\t\t\t\t<div class=\"elementor-widget-wrap\">\n\t\t\t\t\t\t<div class=\"elementor-element elementor-element-b2a2e0c elementor-widget elementor-widget-text-editor\" data-id=\"b2a2e0c\" data-element_type=\"widget\" data-widget_type=\"text-editor.default\">\n\t\t\t\t<div class=\"elementor-widget-container\">\n\t\t\t\t\t\t\t\t<div class=\"elementor-text-editor elementor-clearfix\">\n\t\t\t\t<p>Unser Team besteht aus:<\/p>\n<p>Gesch\u00e4ftsf\u00fchrung<\/p>\n<p>Kundendiensttechnikern<\/p>\n<p>B\u00fcroangestellten<\/p>\n<p>Buchhaltung und<\/p>\n<p>Aushilfskr\u00e4ften\u00a0<\/p>\t\t\t\t\t<\/div>\n\t\t\t\t\t\t<\/div>\n\t\t\t\t<\/div>\n\t\t\t\t\t\t<\/div>\n\t\t\t\t\t<\/div>\n\t\t<\/div>\n\t\t\t\t\t\t\t\t<\/div>\n\t\t\t\t\t<\/div>\n\t\t<\/section>\n\t\t\t\t<section class=\"elementor-section elementor-top-section elementor-element elementor-element-a7b2ea5 elementor-section-boxed elementor-section-height-default elementor-section-height-default\" data-id=\"a7b2ea5\" data-element_type=\"section\">\n\t\t\t\t\t\t<div class=\"elementor-container elementor-column-gap-default\">\n\t\t\t\t\t\t\t<div class=\"elementor-row\">\n\t\t\t\t\t<div class=\"elementor-column elementor-col-100 elementor-top-column elementor-element elementor-element-ea76616\" data-id=\"ea76616\" data-element_type=\"column\">\n\t\t\t<div class=\"elementor-column-wrap elementor-element-populated\">\n\t\t\t\t\t\t\t<div class=\"elementor-widget-wrap\">\n\t\t\t\t\t\t<div class=\"elementor-element elementor-element-cedc802 elementor-widget elementor-widget-spacer\" data-id=\"cedc802\" data-element_type=\"widget\" data-widget_type=\"spacer.default\">\n\t\t\t\t<div class=\"elementor-widget-container\">\n\t\t\t\t\t<div class=\"elementor-spacer\">\n\t\t\t<div class=\"elementor-spacer-inner\"><\/div>\n\t\t<\/div>\n\t\t\t\t<\/div>\n\t\t\t\t<\/div>\n\t\t\t\t<div class=\"elementor-element elementor-element-592bb72 elementor-widget elementor-widget-text-editor\" data-id=\"592bb72\" data-element_type=\"widget\" data-widget_type=\"text-editor.default\">\n\t\t\t\t<div class=\"elementor-widget-container\">\n\t\t\t\t\t\t\t\t<div class=\"elementor-text-editor elementor-clearfix\">\n\t\t\t\t<p>Auch bei Zusatzleistungen stehen wir Ihnen gern zur Verf\u00fcgung. Dazu haben wir die M\u00f6glichkeit, f\u00fcr Sie auf ein bew\u00e4hrtes Installationsteam und ein Metallbauteam zur\u00fcck zu greifen.<\/p><p><b>Melden Sie sich rund um die Uhr bei uns! Wir sind stets gern f\u00fcr Sie da<\/b>\u00a0<\/p><p>Wir suchen dennoch nach Verst\u00e4rkung, um unser Team zu vergr\u00f6\u00dfern. Haben sie Interesse? Schreiben sie uns einfach eine Mail oder rufen Sie gleich an:\u00a0<\/p>\t\t\t\t\t<\/div>\n\t\t\t\t\t\t<\/div>\n\t\t\t\t<\/div>\n\t\t\t\t<div class=\"elementor-element elementor-element-120f0e8 elementor-widget elementor-widget-spacer\" data-id=\"120f0e8\" data-element_type=\"widget\" data-widget_type=\"spacer.default\">\n\t\t\t\t<div class=\"elementor-widget-container\">\n\t\t\t\t\t<div class=\"elementor-spacer\">\n\t\t\t<div class=\"elementor-spacer-inner\"><\/div>\n\t\t<\/div>\n\t\t\t\t<\/div>\n\t\t\t\t<\/div>\n\t\t\t\t<div class=\"elementor-element elementor-element-319f6a8 elementor-align-justify elementor-widget elementor-widget-button\" data-id=\"319f6a8\" data-element_type=\"widget\" data-widget_type=\"button.default\">\n\t\t\t\t<div class=\"elementor-widget-container\">\n\t\t\t\t\t<div class=\"elementor-button-wrapper\">\n\t\t\t<a href=\"mailto:wgs-wasungen@t-online.de\" class=\"elementor-button-link elementor-button elementor-size-md\" role=\"button\">\n\t\t\t\t\t\t<span class=\"elementor-button-content-wrapper\">\n\t\t\t\t\t\t<span class=\"elementor-button-text\">Hier Klicken<\/span>\n\t\t<\/span>\n\t\t\t\t\t<\/a>\n\t\t<\/div>\n\t\t\t\t<\/div>\n\t\t\t\t<\/div>\n\t\t\t\t\t\t<\/div>\n\t\t\t\t\t<\/div>\n\t\t<\/div>\n\t\t\t\t\t\t\t\t<\/div>\n\t\t\t\t\t<\/div>\n\t\t<\/section>\n\t\t\t\t\t\t\t\t\t<\/div>\n\t\t\t<\/div>\n\t\t\t\t\t<\/div>\n\t\t","protected":false},"excerpt":{"rendered":"<p>Unser Team Zusammenarbeit und Individualit\u00e4t sind uns im Unternehmen sehr wichtig.\u00a0 Dank unseres kleinen Teams ist das kein Problem.\u00a0 \u00a0 \u00a0 Denn die eingesetzten Fachkr\u00e4fte kennen einander gut und k\u00f6nnen selbst, wie in einer Familie f\u00fchlen.\u00a0 Wir versuchen stets unser Team mit hervorragender Technik auszustatten und ein gutes Arbeitsklima zu [&hellip;]<\/p>\n","protected":false},"author":1,"featured_media":2085,"parent":0,"menu_order":0,"comment_status":"closed","ping_status":"closed","template":"elementor_header_footer","meta":[],"_links":{"self":[{"href":"https:\/\/wgs-waeschereitechnik.de\/index.php?rest_route=\/wp\/v2\/pages\/1870"}],"collection":[{"href":"https:\/\/wgs-waeschereitechnik.de\/index.php?rest_route=\/wp\/v2\/pages"}],"about":[{"href":"https:\/\/wgs-waeschereitechnik.de\/index.php?rest_route=\/wp\/v2\/types\/page"}],"author":[{"embeddable":true,"href":"https:\/\/wgs-waeschereitechnik.de\/index.php?rest_route=\/wp\/v2\/users\/1"}],"replies":[{"embeddable":true,"href":"https:\/\/wgs-waeschereitechnik.de\/index.php?rest_route=%2Fwp%2Fv2%2Fcomments&post=1870"}],"version-history":[{"count":18,"href":"https:\/\/wgs-waeschereitechnik.de\/index.php?rest_route=\/wp\/v2\/pages\/1870\/revisions"}],"predecessor-version":[{"id":2431,"href":"https:\/\/wgs-waeschereitechnik.de\/index.php?rest_route=\/wp\/v2\/pages\/1870\/revisions\/2431"}],"wp:featuredmedia":[{"embeddable":true,"href":"https:\/\/wgs-waeschereitechnik.de\/index.php?rest_route=\/wp\/v2\/media\/2085"}],"wp:attachment":[{"href":"https:\/\/wgs-waeschereitechnik.de\/index.php?rest_route=%2Fwp%2Fv2%2Fmedia&parent=1870"}],"curies":[{"name":"wp","href":"https:\/\/api.w.org\/{rel}","templated":true}]}}